{"id":46,"date":"2023-11-29T10:43:32","date_gmt":"2023-11-29T09:43:32","guid":{"rendered":"https:\/\/dreamville.test\/?page_id=46"},"modified":"2026-04-21T09:42:18","modified_gmt":"2026-04-21T07:42:18","slug":"uvodni-stranka","status":"publish","type":"page","link":"https:\/\/www.dreamville.cz\/cs\/","title":{"rendered":"\u00davodn\u00ed str\u00e1nka"},"content":{"rendered":"","protected":false},"excerpt":{"rendered":"","protected":false},"author":2,"featured_media":0,"parent":0,"menu_order":0,"comment_status":"closed","ping_status":"closed","template":"","meta":{"inline_featured_image":false,"footnotes":""},"class_list":["post-46","page","type-page","status-publish","hentry"],"_links":{"self":[{"href":"https:\/\/www.dreamville.cz\/cs\/wp-json\/wp\/v2\/pages\/46","targetHints":{"allow":["GET"]}}],"collection":[{"href":"https:\/\/www.dreamville.cz\/cs\/wp-json\/wp\/v2\/pages"}],"about":[{"href":"https:\/\/www.dreamville.cz\/cs\/wp-json\/wp\/v2\/types\/page"}],"author":[{"embeddable":true,"href":"https:\/\/www.dreamville.cz\/cs\/wp-json\/wp\/v2\/users\/2"}],"replies":[{"embeddable":true,"href":"https:\/\/www.dreamville.cz\/cs\/wp-json\/wp\/v2\/comments?post=46"}],"version-history":[{"count":7,"href":"https:\/\/www.dreamville.cz\/cs\/wp-json\/wp\/v2\/pages\/46\/revisions"}],"predecessor-version":[{"id":17608,"href":"https:\/\/www.dreamville.cz\/cs\/wp-json\/wp\/v2\/pages\/46\/revisions\/17608"}],"wp:attachment":[{"href":"https:\/\/www.dreamville.cz\/cs\/wp-json\/wp\/v2\/media?parent=46"}],"curies":[{"name":"wp","href":"https:\/\/api.w.org\/{rel}","templated":true}]}}